{"id":76,"date":"2016-06-06T20:10:44","date_gmt":"2016-06-06T20:10:44","guid":{"rendered":"http:\/\/www.doctorquitral.cl\/?page_id=76"},"modified":"2016-06-23T16:50:34","modified_gmt":"2016-06-23T16:50:34","slug":"consentimientos-informados","status":"publish","type":"page","link":"http:\/\/www.doctorquitral.cl\/?page_id=76","title":{"rendered":"Consentimientos Informados"},"content":{"rendered":"<div class=\"pf-content\"><table class=\"t1\" cellspacing=\"0\" cellpadding=\"0\">\n<tbody>\n<tr>\n<td class=\"td1\" valign=\"top\">\n<p class=\"p1\"><span class=\"s1\">Adenoidectom\u00eda<\/span><\/p>\n<\/td>\n<td class=\"td2\" valign=\"top\">\n<p class=\"p2\"><span class=\"s1\"><a href=\"http:\/\/www.doctorquitral.cl\/wp-content\/uploads\/2016\/cons\/adenoidectomia.pdf\"><b>Descargar<\/b><b><\/b><\/a><\/span><\/p>\n<\/td>\n<\/tr>\n<tr>\n<td class=\"td1\" valign=\"top\">\n<p class=\"p1\"><span class=\"s1\">Amigdalectom\u00eda con o sin Adenoidectom\u00eda<\/span><\/p>\n<\/td>\n<td class=\"td2\" valign=\"top\">\n<p class=\"p2\"><span class=\"s1\"><a href=\"http:\/\/www.doctorquitral.cl\/wp-content\/uploads\/2016\/cons\/amigdalectomia.pdf\"><b>Descargar<\/b><b><\/b><\/a><\/span><\/p>\n<\/td>\n<\/tr>\n<tr>\n<td class=\"td1\" valign=\"top\">\n<p class=\"p1\"><span class=\"s1\">Biopsia de Gl\u00e1ndula Salival<\/span><\/p>\n<\/td>\n<td class=\"td2\" valign=\"top\">\n<p class=\"p2\"><span class=\"s1\"><a href=\"http:\/\/www.doctorquitral.cl\/wp-content\/uploads\/2016\/cons\/glandulasalival.pdf\"><b>Descargar<\/b><b><\/b><\/a><\/span><\/p>\n<\/td>\n<\/tr>\n<tr>\n<td class=\"td1\" valign=\"top\">\n<p class=\"p1\"><span class=\"s1\">Drenaje transtimp\u00e1nico<\/span><\/p>\n<\/td>\n<td class=\"td2\" valign=\"top\">\n<p class=\"p2\"><span class=\"s1\"><a href=\"http:\/\/www.doctorquitral.cl\/wp-content\/uploads\/2016\/cons\/drenajetransimpanico.pdf\"><b>Descargar<\/b><b><\/b><\/a><\/span><\/p>\n<\/td>\n<\/tr>\n<tr>\n<td class=\"td1\" valign=\"top\">\n<p class=\"p1\"><span class=\"s1\">Etmoidectom\u00eda<\/span><\/p>\n<\/td>\n<td class=\"td2\" valign=\"top\">\n<p class=\"p2\"><span class=\"s1\"><a href=\"http:\/\/www.doctorquitral.cl\/wp-content\/uploads\/2016\/cons\/etmoidectomia.pdf\"><b>Descargar<\/b><b><\/b><\/a><\/span><\/p>\n<\/td>\n<\/tr>\n<tr>\n<td class=\"td1\" valign=\"top\">\n<p class=\"p1\"><span class=\"s1\">Fractura nasal<\/span><\/p>\n<\/td>\n<td class=\"td2\" valign=\"top\">\n<p class=\"p2\"><span class=\"s1\"><a href=\"http:\/\/www.doctorquitral.cl\/wp-content\/uploads\/2016\/cons\/factura_nasal.pdf\"><b>Descargar<\/b><b><\/b><\/a><\/span><\/p>\n<\/td>\n<\/tr>\n<tr>\n<td class=\"td1\" valign=\"top\">\n<p class=\"p1\"><span class=\"s1\">Laringoscop\u00eda directa y o Microcirug\u00eda laringea<\/span><\/p>\n<\/td>\n<td class=\"td2\" valign=\"top\">\n<p class=\"p2\"><span class=\"s1\"><a href=\"http:\/\/www.doctorquitral.cl\/wp-content\/uploads\/2016\/cons\/laringoscopia.pdf\"><b>Descargar<\/b><b><\/b><\/a><\/span><\/p>\n<\/td>\n<\/tr>\n<tr>\n<td class=\"td1\" valign=\"top\">\n<p class=\"p1\"><span class=\"s1\">Punci\u00f3n Timp\u00e1nica<\/span><\/p>\n<\/td>\n<td class=\"td2\" valign=\"top\">\n<p class=\"p2\"><span class=\"s1\"><a href=\"http:\/\/www.doctorquitral.cl\/wp-content\/uploads\/2016\/cons\/puncion_timpanica.pdf\"><b>Descargar<\/b><b><\/b><\/a><\/span><\/p>\n<\/td>\n<\/tr>\n<tr>\n<td class=\"td1\" valign=\"top\">\n<p class=\"p1\"><span class=\"s1\">Rinoplast\u00eda o septorrinoplast\u00eda<\/span><\/p>\n<\/td>\n<td class=\"td2\" valign=\"top\">\n<p class=\"p2\"><span class=\"s1\"><a href=\"http:\/\/www.doctorquitral.cl\/wp-content\/uploads\/2016\/cons\/rinoplastia.pdf\"><b>Descargar<\/b><b><\/b><\/a><\/span><\/p>\n<\/td>\n<\/tr>\n<tr>\n<td class=\"td1\" valign=\"top\">\n<p class=\"p1\"><span class=\"s1\">Septoplast\u00eda<\/span><\/p>\n<\/td>\n<td class=\"td2\" valign=\"top\">\n<p class=\"p2\"><span class=\"s1\"><a href=\"http:\/\/www.doctorquitral.cl\/wp-content\/uploads\/2016\/cons\/septoplastia.pdf\"><b>Descargar<\/b><b><\/b><\/a><\/span><\/p>\n<\/td>\n<\/tr>\n<tr>\n<td class=\"td1\" valign=\"top\">\n<p class=\"p1\"><span class=\"s1\">Timpanoplast\u00eda y Mastoidectom\u00eda<\/span><\/p>\n<\/td>\n<td class=\"td2\" valign=\"top\">\n<p class=\"p2\"><span class=\"s1\"><a href=\"http:\/\/www.doctorquitral.cl\/wp-content\/uploads\/2016\/cons\/timpanoplastia.pdf\"><b>Descargar<\/b><b><\/b><\/a><\/span><\/p>\n<\/td>\n<\/tr>\n<tr>\n<td class=\"td1\" valign=\"top\">\n<p class=\"p1\"><span class=\"s1\">Traqueotom\u00eda<\/span><\/p>\n<\/td>\n<td class=\"td2\" valign=\"top\">\n<p class=\"p2\"><span class=\"s1\"><a href=\"http:\/\/www.doctorquitral.cl\/wp-content\/uploads\/2016\/cons\/traqueotomia.pdf\"><b>Descargar<\/b><b><\/b><\/a><\/span><\/p>\n<\/td>\n<\/tr>\n<tr>\n<td class=\"td1\" valign=\"top\">\n<p class=\"p1\"><span class=\"s1\">Turbinoplast\u00eda o Turbinectom\u00eda<\/span><\/p>\n<\/td>\n<td class=\"td2\" valign=\"top\">\n<p class=\"p2\"><span class=\"s1\"><a href=\"http:\/\/www.doctorquitral.cl\/wp-content\/uploads\/2016\/cons\/turbinoplastia.pdf\"><b>Descargar<\/b><b><\/b><\/a><\/span><\/p>\n<\/td>\n<\/tr>\n<tr>\n<td class=\"td1\" valign=\"top\">\n<p class=\"p1\"><span class=\"s1\">Uvulopalatofaringoplast\u00eda<\/span><\/p>\n<\/td>\n<td class=\"td2\" valign=\"top\">\n<p class=\"p2\"><span class=\"s1\"><a href=\"http:\/\/www.doctorquitral.cl\/wp-content\/uploads\/2016\/cons\/uvulopalatofaringoplastia.pdf\"><b>Descargar<\/b><b><\/b><\/a><\/span><\/p>\n<\/td>\n<\/tr>\n<\/tbody>\n<\/table>\n<\/div>","protected":false},"excerpt":{"rendered":"<p>Adenoidectom\u00eda Descargar Amigdalectom\u00eda con o sin Adenoidectom\u00eda Descargar Biopsia de Gl\u00e1ndula Salival Descargar Drenaje transtimp\u00e1nico Descargar Etmoidectom\u00eda Descargar Fractura nasal Descargar Laringoscop\u00eda directa y o Microcirug\u00eda laringea Descargar Punci\u00f3n Timp\u00e1nica Descargar Rinoplast\u00eda o septorrinoplast\u00eda Descargar Septoplast\u00eda Descargar Timpanoplast\u00eda y Mastoidectom\u00eda Descargar Traqueotom\u00eda Descargar Turbinoplast\u00eda o Turbinectom\u00eda Descargar Uvulopalatofaringoplast\u00eda Descargar<\/p>\n","protected":false},"author":1,"featured_media":0,"parent":0,"menu_order":0,"comment_status":"closed","ping_status":"closed","template":"","meta":[],"_links":{"self":[{"href":"http:\/\/www.doctorquitral.cl\/index.php?rest_route=\/wp\/v2\/pages\/76"}],"collection":[{"href":"http:\/\/www.doctorquitral.cl\/index.php?rest_route=\/wp\/v2\/pages"}],"about":[{"href":"http:\/\/www.doctorquitral.cl\/index.php?rest_route=\/wp\/v2\/types\/page"}],"author":[{"embeddable":true,"href":"http:\/\/www.doctorquitral.cl\/index.php?rest_route=\/wp\/v2\/users\/1"}],"replies":[{"embeddable":true,"href":"http:\/\/www.doctorquitral.cl\/index.php?rest_route=%2Fwp%2Fv2%2Fcomments&post=76"}],"version-history":[{"count":3,"href":"http:\/\/www.doctorquitral.cl\/index.php?rest_route=\/wp\/v2\/pages\/76\/revisions"}],"predecessor-version":[{"id":125,"href":"http:\/\/www.doctorquitral.cl\/index.php?rest_route=\/wp\/v2\/pages\/76\/revisions\/125"}],"wp:attachment":[{"href":"http:\/\/www.doctorquitral.cl\/index.php?rest_route=%2Fwp%2Fv2%2Fmedia&parent=76"}],"curies":[{"name":"wp","href":"https:\/\/api.w.org\/{rel}","templated":true}]}}